{"id":4736,"date":"2020-05-12T14:54:42","date_gmt":"2020-05-12T14:54:42","guid":{"rendered":"https:\/\/hendon.qodeinteractive.com\/?page_id=1239"},"modified":"2025-12-19T09:09:24","modified_gmt":"2025-12-19T09:09:24","slug":"contacte","status":"publish","type":"page","link":"https:\/\/premiumconsgrup.md\/ru\/contacte\/","title":{"rendered":"\u041a\u043e\u043d\u0442\u0430\u043a\u0442\u044b"},"content":{"rendered":"<div data-elementor-type=\"wp-page\" data-elementor-id=\"4736\" class=\"elementor elementor-4736\" data-elementor-post-type=\"page\">\n\t\t\t\t<div class=\"elementor-element elementor-element-340a146 elementor-hidden-tablet elementor-hidden-mobile e-flex e-con-boxed e-con e-parent\" data-id=\"340a146\" data-element_type=\"container\" data-settings=\"{&quot;background_background&quot;:&quot;classic&quot;}\">\n\t\t\t\t\t<div class=\"e-con-inner\">\n\t\t\t\t<div class=\"elementor-element elementor-element-4919d16 elementor-widget elementor-widget-slider_revolution\" data-id=\"4919d16\" data-element_type=\"widget\" data-widget_type=\"slider_revolution.default\">\n\t\t\t\t<div class=\"elementor-widget-container\">\n\t\t\t\t\t\n\t\t<div class=\"wp-block-themepunch-revslider\">\n\t\t\t\t<p class=\"rs-p-wp-fix\"><\/p>\n\t\t\t\t<sr7-module data-alias=\"dark-map\" data-id=\"7\" id=\"SR7_7_1\" class=\"rs-ov-hidden\" data-version=\"6.7.18\">\n\t\t\t\t\t<sr7-adjuster><\/sr7-adjuster>\n\t\t\t\t\t<sr7-content>\n\t\t\t\t\t\t<sr7-slide id=\"SR7_7_1-30\" data-key=\"30\">\n\t\t\t\t\t\t\t<sr7-bg id=\"SR7_7_1-30-20\" class=\"sr7-layer\"><noscript><img decoding=\"async\" src=\"https:\/\/premiumconsgrup.md\/wp-content\/uploads\/revslider\/dark-map\/Black-Map-Chisinau-1.webp\" alt=\"\" title=\"Black-Map-Chisinau-1.webp\"><\/noscript><\/sr7-bg>\n\t\t\t\t\t\t\t<sr7-txt id=\"SR7_7_1-30-1\" class=\"sr7-layer\">Premium Tower<\/sr7-txt>\n\t\t\t\t\t\t\t<sr7-txt id=\"SR7_7_1-30-5\" class=\"sr7-layer\">Premium UpTown<\/sr7-txt>\n\t\t\t\t\t\t\t<sr7-txt id=\"SR7_7_1-30-8\" class=\"sr7-layer\">Premium Life<\/sr7-txt>\n\t\t\t\t\t\t\t<sr7-txt id=\"SR7_7_1-30-11\" class=\"sr7-layer\">Next Level<\/sr7-txt>\n\t\t\t\t\t\t\t<sr7-txt id=\"SR7_7_1-30-17\" class=\"sr7-layer\">Cloud 9<\/sr7-txt>\n\t\t\t\t\t\t\t<sr7-txt id=\"SR7_7_1-30-19\" class=\"sr7-layer\">\u041e\u0444\u0438\u0441<\/sr7-txt>\n\t\t\t\t\t\t<\/sr7-slide>\n\t\t\t\t\t\t<sr7-slide id=\"SR7_7_1-31\" data-key=\"31\">\n\t\t\t\t\t\t<\/sr7-slide>\n\t\t\t\t\t<\/sr7-content>\n\t\t\t\t\t<image_lists style=\"display:none\">\n\t\t\t\t\t\t<img data-src=\"\/\/premiumconsgrup.md\/wp-content\/uploads\/revslider\/dark-map\/home-3-rev-map-background1.jpg\" width=\"0\" height=\"0\" data-dbsrc=\"Ly9wcmVtaXVtY29uc2dydXAubWQvd3AtY29udGVudC91cGxvYWRzL3JldnNsaWRlci9kYXJrLW1hcC9ob21lLTMtcmV2LW1hcC1iYWNrZ3JvdW5kMS5qcGc=\"\/>\n\t\t\t\t\t\t<img data-src=\"\/\/premiumconsgrup.md\/wp-content\/uploads\/revslider\/dark-map\/location-marker1.png\" data-libid=\"6148\" data-lib=\"medialibrary\" title=\"location-marker1.png\" width=\"0\" height=\"0\" data-dbsrc=\"Ly9wcmVtaXVtY29uc2dydXAubWQvd3AtY29udGVudC91cGxvYWRzL3JldnNsaWRlci9kYXJrLW1hcC9sb2NhdGlvbi1tYXJrZXIxLnBuZw==\"\/>\n\t\t\t\t\t\t<img data-src=\"\/\/premiumconsgrup.md\/wp-content\/uploads\/revslider\/dark-map\/home-3-rev-pin-img1.png\" data-libid=\"6149\" data-lib=\"medialibrary\" title=\"home-3-rev-pin-img1.png\" width=\"0\" height=\"0\" data-dbsrc=\"Ly9wcmVtaXVtY29uc2dydXAubWQvd3AtY29udGVudC91cGxvYWRzL3JldnNsaWRlci9kYXJrLW1hcC9ob21lLTMtcmV2LXBpbi1pbWcxLnBuZw==\"\/>\n\t\t\t\t\t\t<img loading=\"lazy\" data-src=\"\/\/premiumconsgrup.md\/wp-content\/uploads\/revslider\/dark-map\/Black-Map-Chisinau-1.webp\" data-libid=\"6147\" data-lib=\"medialibrary\" title=\"Black-Map-Chisinau-1.webp\" width=\"0\" height=\"0\" data-dbsrc=\"Ly9wcmVtaXVtY29uc2dydXAubWQvd3AtY29udGVudC91cGxvYWRzL3JldnNsaWRlci9kYXJrLW1hcC9CbGFjay1NYXAtQ2hpc2luYXUtMS53ZWJw\"\/>\n\t\t\t\t\t<\/image_lists>\n\t\t\t\t<\/sr7-module>\n\t\t\t\t<script>\n\t\t\t\t\tSR7.PMH ??={}; SR7.PMH[\"SR7_7_1\"] = {cn:0,state:false,fn: function() { if (_tpt!==undefined && _tpt.prepareModuleHeight !== undefined) {  _tpt.prepareModuleHeight({id:\"SR7_7_1\",el:[835,835,600,600,400],type:'hero',shdw:'0',gh:[835,835,600,600,400],gw:[1920,1920,1350,700,300],vpt:['50px&#039;,&#039;50px&#039;,&#039;50px&#039;,&#039;50px&#039;,&#039;50px'],size:{fullWidth:true, fullHeight:false},mh:'0',onh:0,onw:0,bg:{color:'{\"orig\":\"transparent\",\"type\":\"solid\",\"string\":\"transparent\"}',image:{src:'https:\/\/premiumconsgrup.md\/wp-content\/uploads\/revslider\/dark-map\/home-3-rev-map-background1.jpg',size:'',position:'center center',repeat:''}}});   SR7.PMH[\"SR7_7_1\"].state=true;} else if((SR7.PMH[\"SR7_7_1\"].cn++)<100)\tsetTimeout( SR7.PMH[\"SR7_7_1\"].fn,19);}};SR7.PMH[\"SR7_7_1\" ].fn();\n\t\t\t\t<\/script>\n<\/div>\n\n\t\t\t\t\t\t<\/div>\n\t\t\t\t<\/div>\n\t\t\t\t\t<\/div>\n\t\t\t\t<\/div>\n\t\t<div class=\"elementor-element elementor-element-e433e84 e-flex e-con-boxed e-con e-parent\" data-id=\"e433e84\" data-element_type=\"container\">\n\t\t\t\t\t<div class=\"e-con-inner\">\n\t\t<div class=\"elementor-element elementor-element-72d7de7 e-con-full e-flex e-con e-child\" data-id=\"72d7de7\" data-element_type=\"container\" data-settings=\"{&quot;background_background&quot;:&quot;classic&quot;}\">\n\t\t\t\t<div class=\"elementor-element elementor-element-ac5f7f8 elementor-widget elementor-widget-heading\" data-id=\"ac5f7f8\" data-element_type=\"widget\" data-widget_type=\"heading.default\">\n\t\t\t\t<div class=\"elementor-widget-container\">\n\t\t\t\t\t<h2 class=\"elementor-heading-title elementor-size-default\">\u0417\u0430\u044f\u0432\u043a\u0430 \u043d\u0430 \u043f\u043e\u0441\u0435\u0449\u0435\u043d\u0438\u0435<\/h2>\t\t\t\t<\/div>\n\t\t\t\t<\/div>\n\t\t\t\t<div class=\"elementor-element elementor-element-1b65ca1 fluentform-widget-submit-button-full-width fluent-form-widget-step-header-yes fluent-form-widget-step-progressbar-yes elementor-widget elementor-widget-fluent-form-widget\" data-id=\"1b65ca1\" data-element_type=\"widget\" data-widget_type=\"fluent-form-widget.default\">\n\t\t\t\t<div class=\"elementor-widget-container\">\n\t\t\t\t\t\n            <div class=\"fluentform-widget-wrapper fluentform-widget-align-center\">\n\n            \n            <div class='fluentform ff-default fluentform_wrapper_3 ffs_default_wrap'><form data-form_id=\"3\" id=\"fluentform_3\" class=\"frm-fluent-form fluent_form_3 ff-el-form-top ff_form_instance_3_1 ff-form-loading ffs_default\" data-form_instance=\"ff_form_instance_3_1\" method=\"POST\" action=\"\" ><fieldset  style=\"border: none!important;margin: 0!important;padding: 0!important;background-color: transparent!important;box-shadow: none!important;outline: none!important; min-inline-size: 100%;\">\n                    <legend class=\"ff_screen_reader_title\" style=\"display: block; margin: 0!important;padding: 0!important;height: 0!important;text-indent: -999999px;width: 0!important;overflow:hidden;\">[1] Life Contact Form<\/legend><input type='hidden' name='__fluent_form_embded_post_id' value='4736' \/><input type=\"hidden\" id=\"_fluentform_3_fluentformnonce\" name=\"_fluentform_3_fluentformnonce\" value=\"7a36030e72\" \/><input type=\"hidden\" name=\"_wp_http_referer\" value=\"\/ru\/wp-json\/wp\/v2\/pages\/4736\" \/><div data-type=\"name-element\" data-name=\"names\" class=\"ff-field_container ff-name-field-wrapper\" ><div class='ff-t-container'><div class='ff-t-cell'><div class='ff-el-group  ff-el-form-top'><div class=\"ff-el-input--label asterisk-right\"><label for='ff_3_names_first_name_' >\u0418\u043c\u044f<\/label><\/div><div class='ff-el-input--content'><input type=\"text\" name=\"names[first_name]\" id=\"ff_3_names_first_name_\" class=\"ff-el-form-control\" placeholder=\"\u0418\u043c\u044f\" aria-invalid=\"false\" aria-required=\"false\"><\/div><\/div><\/div><div class='ff-t-cell'><div class='ff-el-group  ff-el-form-top'><div class=\"ff-el-input--label asterisk-right\"><label for='ff_3_names_last_name_' >\u0424\u0430\u043c\u0438\u043b\u0438\u044f<\/label><\/div><div class='ff-el-input--content'><input type=\"text\" name=\"names[last_name]\" id=\"ff_3_names_last_name_\" class=\"ff-el-form-control\" placeholder=\"\u0424\u0430\u043c\u0438\u043b\u0438\u044f\" aria-invalid=\"false\" aria-required=\"false\"><\/div><\/div><\/div><\/div><\/div><div data-name=\"ff_cn_id_1\"  class='ff-t-container ff-column-container ff_columns_total_2'><div class='ff-t-cell ff-t-column-1' style='flex-basis: 50%;'><div class='ff-el-group'><div class=\"ff-el-input--label ff-el-is-required asterisk-right\"><label for='ff_3_email' aria-label=\"\u042d\u043b\u0435\u043a\u0442\u0440\u043e\u043d\u043d\u0430\u044f \u043f\u043e\u0447\u0442\u0430\">\u042d\u043b\u0435\u043a\u0442\u0440\u043e\u043d\u043d\u0430\u044f \u043f\u043e\u0447\u0442\u0430<\/label><\/div><div class='ff-el-input--content'><input type=\"email\" name=\"email\" id=\"ff_3_email\" class=\"ff-el-form-control\" placeholder=\"\u042d\u043b\u0435\u043a\u0442\u0440\u043e\u043d\u043d\u044b\u0439 \u0430\u0434\u0440\u0435\u0441\" data-name=\"email\"  aria-invalid=\"false\" aria-required=\"true\"><\/div><\/div><\/div><div class='ff-t-cell ff-t-column-2' style='flex-basis: 50%;'><div class='ff-el-group'><div class=\"ff-el-input--label asterisk-right\"><label for='ff_3_telefon' aria-label=\"\u0422\u0435\u043b\u0435\u0444\u043e\u043d\">\u0422\u0435\u043b\u0435\u0444\u043e\u043d<\/label><\/div><div class='ff-el-input--content'><input name=\"telefon\" class=\"ff-el-form-control ff-el-phone\" type=\"tel\" placeholder=\"\u041d\u043e\u043c\u0435\u0440 \u0442\u0435\u043b\u0435\u0444\u043e\u043d\u0430\" data-name=\"telefon\" id=\"ff_3_telefon\" inputmode=\"tel\"  aria-invalid='false' aria-required=\"false\"><\/div><\/div><\/div><\/div><div class='ff-el-group'><div class=\"ff-el-input--label asterisk-right\"><label for='ff_3_subject' aria-label=\"\u0422\u0435\u043c\u0430\">\u0422\u0435\u043c\u0430<\/label><\/div><div class='ff-el-input--content'><input type=\"text\" name=\"subject\" class=\"ff-el-form-control\" placeholder=\"\u0422\u0435\u043c\u0430\" data-name=\"subject\" id=\"ff_3_subject\"  aria-invalid=\"false\" aria-required=\"false\"><\/div><\/div><div class='ff-el-group'><div class=\"ff-el-input--label asterisk-right\"><label for='ff_3_message' aria-label=\"\u0412\u0430\u0448\u0435 \u0441\u043e\u043e\u0431\u0449\u0435\u043d\u0438\u0435\">\u0412\u0430\u0448\u0435 \u0441\u043e\u043e\u0431\u0449\u0435\u043d\u0438\u0435<\/label><\/div><div class='ff-el-input--content'><textarea aria-invalid=\"false\" aria-required=\"false\" name=\"message\" id=\"ff_3_message\" class=\"ff-el-form-control\" placeholder=\"\u0412\u0430\u0448\u0435 \u0441\u043e\u043e\u0431\u0449\u0435\u043d\u0438\u0435\" rows=\"4\" cols=\"2\" data-name=\"message\" ><\/textarea><\/div><\/div><div class='ff-el-group ff-text-center ff_submit_btn_wrapper'><button type=\"submit\" class=\"ff-btn ff-btn-submit ff-btn-md ff_btn_style\" >\u041e\u0442\u043f\u0440\u0430\u0432\u0438\u0442\u044c<\/button><\/div><\/fieldset><input type=\"hidden\" name=\"trp-form-language\" value=\"ru\"\/><\/form><div id='fluentform_3_errors' class='ff-errors-in-stack ff_form_instance_3_1 ff-form-loading_errors ff_form_instance_3_1_errors'><\/div><\/div>            <script type=\"text\/javascript\">\n                window.fluent_form_ff_form_instance_3_1 = {\"id\":\"3\",\"settings\":{\"layout\":{\"labelPlacement\":\"top\",\"helpMessagePlacement\":\"with_label\",\"errorMessagePlacement\":\"inline\",\"cssClassName\":\"\",\"asteriskPlacement\":\"asterisk-right\"},\"restrictions\":{\"denyEmptySubmission\":{\"enabled\":false}}},\"form_instance\":\"ff_form_instance_3_1\",\"form_id_selector\":\"fluentform_3\",\"rules\":{\"names[first_name]\":{\"required\":{\"value\":false,\"message\":\"This field is required\",\"global\":false,\"global_message\":\"This field is required\"}},\"names[middle_name]\":{\"required\":{\"value\":false,\"message\":\"This field is required\",\"global\":false,\"global_message\":\"This field is required\"}},\"names[last_name]\":{\"required\":{\"value\":false,\"message\":\"This field is required\",\"global\":false,\"global_message\":\"This field is required\"}},\"email\":{\"required\":{\"value\":true,\"message\":\"Acest c\\u00e2mp este obligatoriu\",\"global\":false,\"global_message\":\"This field is required\"},\"email\":{\"value\":true,\"message\":\"Acest c\\u00e2mp trebuie s\\u0103 con\\u021bin\\u0103 un e-mail valid\",\"global\":false,\"global_message\":\"This field must contain a valid email\"}},\"telefon\":{\"required\":{\"value\":false,\"global\":false,\"message\":\"Acest c\\u00e2mp este necesar\",\"global_message\":\"This field is required\"},\"valid_phone_number\":{\"value\":false,\"global\":false,\"message\":\"Num\\u0103rul de telefon nu este valabil\",\"global_message\":\"Phone number is not valid\"}},\"subject\":{\"required\":{\"value\":false,\"message\":\"This field is required\",\"global\":false,\"global_message\":\"This field is required\"}},\"message\":{\"required\":{\"value\":false,\"message\":\"Acest c\\u00e2mp este obligatoriu\",\"global\":false,\"global_message\":\"This field is required\"}}},\"debounce_time\":300};\n                            <\/script>\n                        <\/div>\n\n            \t\t\t\t<\/div>\n\t\t\t\t<\/div>\n\t\t\t\t<\/div>\n\t\t\t\t\t<\/div>\n\t\t\t\t<\/div>\n\t\t<div class=\"elementor-element elementor-element-028e60b e-flex e-con-boxed e-con e-parent\" data-id=\"028e60b\" data-element_type=\"container\">\n\t\t\t\t\t<div class=\"e-con-inner\">\n\t\t<div class=\"elementor-element elementor-element-c6ef545 e-con-full e-grid e-con e-child\" data-id=\"c6ef545\" data-element_type=\"container\">\n\t\t<div class=\"elementor-element elementor-element-fc3ba72 e-con-full e-flex e-con e-child\" data-id=\"fc3ba72\" data-element_type=\"container\">\n\t\t\t\t<div class=\"elementor-element elementor-element-1139269 elementor-widget elementor-widget-heading\" data-id=\"1139269\" data-element_type=\"widget\" data-widget_type=\"heading.default\">\n\t\t\t\t<div class=\"elementor-widget-container\">\n\t\t\t\t\t<h2 class=\"elementor-heading-title elementor-size-default\">\u0422\u0435\u043b\u0435\u0444\u043e\u043d\u043d\u0430\u044f \u043f\u043e\u0434\u0434\u0435\u0440\u0436\u043a\u0430<\/h2>\t\t\t\t<\/div>\n\t\t\t\t<\/div>\n\t\t\t\t<div class=\"elementor-element elementor-element-8f36146 elementor-widget elementor-widget-text-editor\" data-id=\"8f36146\" data-element_type=\"widget\" data-widget_type=\"text-editor.default\">\n\t\t\t\t<div class=\"elementor-widget-container\">\n\t\t\t\t\t\t\t\t\t<p class=\"elementor-heading-title elementor-size-default\">\u041c\u044b \u043f\u0440\u0435\u0434\u043e\u0441\u0442\u0430\u0432\u043b\u044f\u0435\u043c \u0442\u0435\u043b\u0435\u0444\u043e\u043d\u043d\u0443\u044e \u043f\u043e\u0434\u0434\u0435\u0440\u0436\u043a\u0443. \u0422\u0435\u043b\u0435\u0444\u043e\u043d\u043d\u0430\u044f \u043f\u043e\u043c\u043e\u0449\u044c \u0434\u043e\u0441\u0442\u0443\u043f\u043d\u0430 \u0441 \u043f\u043e\u043d\u0435\u0434\u0435\u043b\u044c\u043d\u0438\u043a\u0430 \u043f\u043e \u043f\u044f\u0442\u043d\u0438\u0446\u0443 \u0441 9:00 \u0434\u043e 18:00.<\/p>\t\t\t\t\t\t\t\t<\/div>\n\t\t\t\t<\/div>\n\t\t\t\t<div class=\"elementor-element elementor-element-88b2415 elementor-widget elementor-widget-heading\" data-id=\"88b2415\" data-element_type=\"widget\" data-widget_type=\"heading.default\">\n\t\t\t\t<div class=\"elementor-widget-container\">\n\t\t\t\t\t<h2 class=\"elementor-heading-title elementor-size-default\">+373 78790727<\/h2>\t\t\t\t<\/div>\n\t\t\t\t<\/div>\n\t\t\t\t<\/div>\n\t\t<div class=\"elementor-element elementor-element-ea30a65 e-con-full e-flex e-con e-child\" data-id=\"ea30a65\" data-element_type=\"container\">\n\t\t\t\t<div class=\"elementor-element elementor-element-d9f9c5b elementor-widget elementor-widget-heading\" data-id=\"d9f9c5b\" data-element_type=\"widget\" data-widget_type=\"heading.default\">\n\t\t\t\t<div class=\"elementor-widget-container\">\n\t\t\t\t\t<h2 class=\"elementor-heading-title elementor-size-default\">\u041f\u043e\u0434\u0434\u0435\u0440\u0436\u043a\u0430 \u043f\u043e \u044d\u043b\u0435\u043a\u0442\u0440\u043e\u043d\u043d\u043e\u0439 \u043f\u043e\u0447\u0442\u0435<\/h2>\t\t\t\t<\/div>\n\t\t\t\t<\/div>\n\t\t\t\t<div class=\"elementor-element elementor-element-0809947 elementor-widget elementor-widget-text-editor\" data-id=\"0809947\" data-element_type=\"widget\" data-widget_type=\"text-editor.default\">\n\t\t\t\t<div class=\"elementor-widget-container\">\n\t\t\t\t\t\t\t\t\t<p class=\"elementor-heading-title elementor-size-default\">\u041f\u0440\u0435\u0434\u043f\u043e\u0447\u0438\u0442\u0430\u0435\u0448\u044c \u043e\u0442\u043f\u0440\u0430\u0432\u0438\u0442\u044c \u044d\u043b\u0435\u043a\u0442\u0440\u043e\u043d\u043d\u043e\u0435 \u043f\u0438\u0441\u044c\u043c\u043e? \u041d\u0430\u043f\u0438\u0448\u0438 \u043d\u0430\u043c, \u0438 \u043c\u044b \u0441\u043a\u043e\u0440\u043e \u043e\u0442\u0432\u0435\u0442\u0438\u043c.<\/p>\t\t\t\t\t\t\t\t<\/div>\n\t\t\t\t<\/div>\n\t\t\t\t<div class=\"elementor-element elementor-element-7c77a55 elementor-widget elementor-widget-heading\" data-id=\"7c77a55\" data-element_type=\"widget\" data-widget_type=\"heading.default\">\n\t\t\t\t<div class=\"elementor-widget-container\">\n\t\t\t\t\t<h3 class=\"elementor-heading-title elementor-size-default\">info@premiumconsgrup.com<\/h3>\t\t\t\t<\/div>\n\t\t\t\t<\/div>\n\t\t\t\t<\/div>\n\t\t<div class=\"elementor-element elementor-element-1196ba9 e-con-full e-flex e-con e-child\" data-id=\"1196ba9\" data-element_type=\"container\">\n\t\t\t\t<div class=\"elementor-element elementor-element-a04dd92 elementor-widget elementor-widget-heading\" data-id=\"a04dd92\" data-element_type=\"widget\" data-widget_type=\"heading.default\">\n\t\t\t\t<div class=\"elementor-widget-container\">\n\t\t\t\t\t<h2 class=\"elementor-heading-title elementor-size-default\">\u041f\u043e\u0434\u0434\u0435\u0440\u0436\u043a\u0430 \u0432 \u043d\u0430\u0448\u0435\u043c \u043e\u0444\u0438\u0441\u0435<\/h2>\t\t\t\t<\/div>\n\t\t\t\t<\/div>\n\t\t\t\t<div class=\"elementor-element elementor-element-634915a elementor-widget elementor-widget-text-editor\" data-id=\"634915a\" data-element_type=\"widget\" data-widget_type=\"text-editor.default\">\n\t\t\t\t<div class=\"elementor-widget-container\">\n\t\t\t\t\t\t\t\t\t<p class=\"elementor-heading-title elementor-size-default\">\u041c\u044b \u0436\u0434\u0435\u043c \u0432\u0430\u0441 \u0432 \u043d\u0430\u0448\u0435\u043c \u043e\u0444\u0438\u0441\u0435 \u0434\u043b\u044f \u043a\u043e\u043d\u0441\u0443\u043b\u044c\u0442\u0430\u0446\u0438\u0439 \u0438 \u043f\u043e\u0434\u0440\u043e\u0431\u043d\u043e\u0439 \u0438\u043d\u0444\u043e\u0440\u043c\u0430\u0446\u0438\u0438.<\/p>\t\t\t\t\t\t\t\t<\/div>\n\t\t\t\t<\/div>\n\t\t\t\t<div class=\"elementor-element elementor-element-162093a elementor-widget elementor-widget-heading\" data-id=\"162093a\" data-element_type=\"widget\" data-widget_type=\"heading.default\">\n\t\t\t\t<div class=\"elementor-widget-container\">\n\t\t\t\t\t<h3 class=\"elementor-heading-title elementor-size-default\">\u0411\u043e\u0433\u0434\u0430\u043d \u041f\u0435\u0442\u0440\u0438\u0447\u0435\u0438\u043a\u0443 \u0425\u0430\u0448\u0434\u0435\u0443 20 \u041a\u0438\u0448\u0438\u043d\u0435\u0432, \u041c\u043e\u043b\u0434\u043e\u0432\u0430<\/h3>\t\t\t\t<\/div>\n\t\t\t\t<\/div>\n\t\t\t\t<\/div>\n\t\t\t\t<\/div>\n\t\t\t\t\t<\/div>\n\t\t\t\t<\/div>\n\t\t\t\t<\/div>","protected":false},"excerpt":{"rendered":"<p>Solicit\u0103 o vizit\u0103 [1] Life Contact Form NumelePrenumeleEmailTelefonulSubiectulMesajul dvs.Trimite\u021bi Suport telefonic Oferim suport telefonic. Asisten\u021ba telefonic\u0103 este disponibil\u0103 de luni p\u00e2n\u0103 vineri, \u00eentre orele 9:00 AM &#8211; 6:00 PM +373 78790727 Asisten\u021b\u0103 prin e-mail Preferi s\u0103 trimi\u021bi un e-mail? Trimite-ne un e-mail \u0219i \u00ee\u021bi vom r\u0103spunde \u00een cur\u00e2nd. info@premiumconsgrup.com Asisten\u021b\u0103 la Sediul Nostru Te a\u0219tept\u0103m [&hellip;]<\/p>","protected":false},"author":1,"featured_media":0,"parent":0,"menu_order":0,"comment_status":"closed","ping_status":"closed","template":"page-full-width.php","meta":{"_acf_changed":false,"_seopress_robots_primary_cat":"","_seopress_titles_title":"","_seopress_titles_desc":"","_seopress_robots_index":"","footnotes":""},"class_list":["post-4736","page","type-page","status-publish","hentry"],"acf":[],"_links":{"self":[{"href":"https:\/\/premiumconsgrup.md\/ru\/wp-json\/wp\/v2\/pages\/4736","targetHints":{"allow":["GET"]}}],"collection":[{"href":"https:\/\/premiumconsgrup.md\/ru\/wp-json\/wp\/v2\/pages"}],"about":[{"href":"https:\/\/premiumconsgrup.md\/ru\/wp-json\/wp\/v2\/types\/page"}],"author":[{"embeddable":true,"href":"https:\/\/premiumconsgrup.md\/ru\/wp-json\/wp\/v2\/users\/1"}],"replies":[{"embeddable":true,"href":"https:\/\/premiumconsgrup.md\/ru\/wp-json\/wp\/v2\/comments?post=4736"}],"version-history":[{"count":3,"href":"https:\/\/premiumconsgrup.md\/ru\/wp-json\/wp\/v2\/pages\/4736\/revisions"}],"predecessor-version":[{"id":9586,"href":"https:\/\/premiumconsgrup.md\/ru\/wp-json\/wp\/v2\/pages\/4736\/revisions\/9586"}],"wp:attachment":[{"href":"https:\/\/premiumconsgrup.md\/ru\/wp-json\/wp\/v2\/media?parent=4736"}],"curies":[{"name":"wp","href":"https:\/\/api.w.org\/{rel}","templated":true}]}}