{"id":1299,"date":"2020-05-13T09:52:01","date_gmt":"2020-05-13T09:52:01","guid":{"rendered":"https:\/\/hendon.qodeinteractive.com\/?page_id=1299"},"modified":"2025-02-12T18:36:29","modified_gmt":"2025-02-12T18:36:29","slug":"faq","status":"publish","type":"page","link":"https:\/\/premiumconsgrup.md\/ru\/faq\/","title":{"rendered":"FAQ"},"content":{"rendered":"<div data-elementor-type=\"wp-page\" data-elementor-id=\"1299\" class=\"elementor elementor-1299\" data-elementor-post-type=\"page\">\n\t\t\t\t\t\t<section class=\"elementor-section elementor-top-section elementor-element elementor-element-fdfc40d elementor-section-boxed elementor-section-height-default elementor-section-height-default qodef-elementor-content-no\" data-id=\"fdfc40d\" data-element_type=\"section\">\n\t\t\t\t\t\t<div class=\"elementor-container elementor-column-gap-no\">\n\t\t\t\t\t<div class=\"elementor-column elementor-col-100 elementor-top-column elementor-element elementor-element-a18b0f2\" data-id=\"a18b0f2\" data-element_type=\"column\">\n\t\t\t<div class=\"elementor-widget-wrap elementor-element-populated\">\n\t\t\t\t\t\t<div class=\"elementor-element elementor-element-a9f649e elementor-widget elementor-widget-heading\" data-id=\"a9f649e\" data-element_type=\"widget\" data-widget_type=\"heading.default\">\n\t\t\t\t<div class=\"elementor-widget-container\">\n\t\t\t\t\t<h4 class=\"elementor-heading-title elementor-size-default\">\u041a\u0430\u043a \u043d\u0430\u0437\u043d\u0430\u0447\u0438\u0442\u044c \u043f\u0440\u043e\u0441\u043c\u043e\u0442\u0440?<\/h4>\t\t\t\t<\/div>\n\t\t\t\t<\/div>\n\t\t\t\t<div class=\"elementor-element elementor-element-6e5f68c elementor-widget elementor-widget-text-editor\" data-id=\"6e5f68c\" data-element_type=\"widget\" data-widget_type=\"text-editor.default\">\n\t\t\t\t<div class=\"elementor-widget-container\">\n\t\t\t\t\t\t\t\t\t<p>\u0412 \u0432\u0435\u0440\u0445\u043d\u0435\u043c \u043c\u0435\u043d\u044e \u043d\u0430\u0432\u0438\u0433\u0430\u0446\u0438\u0438 \u043d\u0430\u0439\u0434\u0438\u0442\u0435 \u0440\u0430\u0437\u0434\u0435\u043b \"\u0421\u0432\u044f\u0436\u0438\u0442\u0435\u0441\u044c \u0441 \u043d\u0430\u043c\u0438\". \u0422\u0430\u043c \u0432\u044b \u043d\u0430\u0439\u0434\u0435\u0442\u0435 \u043e\u043f\u0446\u0438\u044e \"\u0417\u0430\u043f\u0440\u043e\u0441\u0438\u0442\u044c \u043f\u0440\u043e\u0441\u043c\u043e\u0442\u0440\", \u0433\u0434\u0435 \u043c\u043e\u0436\u0435\u0442\u0435 \u0437\u0430\u043f\u043e\u043b\u043d\u0438\u0442\u044c \u0444\u043e\u0440\u043c\u0443 \u0438\u043b\u0438 \u043d\u0430\u0439\u0442\u0438 \u043a\u043e\u043d\u0442\u0430\u043a\u0442\u043d\u0443\u044e \u0438\u043d\u0444\u043e\u0440\u043c\u0430\u0446\u0438\u044e \u0434\u043b\u044f \u0437\u0430\u043f\u0438\u0441\u0438 \u043d\u0430 \u043f\u0440\u043e\u0441\u043c\u043e\u0442\u0440.<\/p>\t\t\t\t\t\t\t\t<\/div>\n\t\t\t\t<\/div>\n\t\t\t\t\t<\/div>\n\t\t<\/div>\n\t\t\t\t\t<\/div>\n\t\t<\/section>\n\t\t\t\t<section class=\"elementor-section elementor-top-section elementor-element elementor-element-2e2bdcf elementor-section-boxed elementor-section-height-default elementor-section-height-default qodef-elementor-content-no\" data-id=\"2e2bdcf\" data-element_type=\"section\">\n\t\t\t\t\t\t<div class=\"elementor-container elementor-column-gap-no\">\n\t\t\t\t\t<div class=\"elementor-column elementor-col-100 elementor-top-column elementor-element elementor-element-ed7c6bf\" data-id=\"ed7c6bf\" data-element_type=\"column\">\n\t\t\t<div class=\"elementor-widget-wrap elementor-element-populated\">\n\t\t\t\t\t\t<div class=\"elementor-element elementor-element-6fdcdd5 elementor-widget elementor-widget-heading\" data-id=\"6fdcdd5\" data-element_type=\"widget\" data-widget_type=\"heading.default\">\n\t\t\t\t<div class=\"elementor-widget-container\">\n\t\t\t\t\t<h4 class=\"elementor-heading-title elementor-size-default\">\u041a\u0430\u043a\u0438\u0435 \u0440\u0430\u0439\u043e\u043d\u044b \u0438\u043b\u0438 \u043a\u0432\u0430\u0440\u0442\u0430\u043b\u044b \u0432\u044b \u0437\u0430\u0441\u0442\u0440\u0430\u0438\u0432\u0430\u0435\u0442\u0435?<\/h4>\t\t\t\t<\/div>\n\t\t\t\t<\/div>\n\t\t\t\t<div class=\"elementor-element elementor-element-37d6756 elementor-widget elementor-widget-text-editor\" data-id=\"37d6756\" data-element_type=\"widget\" data-widget_type=\"text-editor.default\">\n\t\t\t\t<div class=\"elementor-widget-container\">\n\t\t\t\t\t\t\t\t\t<p>\u041c\u044b \u0441\u0442\u0440\u043e\u0438\u043c \u0432 \u0440\u0430\u0437\u043b\u0438\u0447\u043d\u044b\u0445 \u0440\u0430\u0439\u043e\u043d\u0430\u0445 \u041a\u0438\u0448\u0438\u043d\u0435\u0432\u0430 \u0438 \u0435\u0433\u043e \u043e\u043a\u0440\u0435\u0441\u0442\u043d\u043e\u0441\u0442\u044f\u0445. \u041d\u0430\u0448\u0438 \u043f\u0440\u043e\u0435\u043a\u0442\u044b \u0432\u043a\u043b\u044e\u0447\u0430\u044e\u0442 \u0437\u0430\u0441\u0442\u0440\u043e\u0439\u043a\u0443 \u0432 \u0414\u0443\u043c\u0431\u0440\u0430\u0432\u0430, \u0414\u0443\u0440\u043b\u0435\u0448\u0442\u0438, \u041f\u043e\u0448\u0442\u0430 \u0412\u0435\u0445\u0435, \u0420\u044b\u0448\u043a\u0430\u043d\u044b, \u0426\u0435\u043d\u0442\u0440 \u0438 \u0434\u0440\u0443\u0433\u0438\u0445. \u041a\u0430\u0436\u0434\u043e\u0435 \u043c\u0435\u0441\u0442\u043e\u043f\u043e\u043b\u043e\u0436\u0435\u043d\u0438\u0435 \u0442\u0449\u0430\u0442\u0435\u043b\u044c\u043d\u043e \u0432\u044b\u0431\u0438\u0440\u0430\u0435\u0442\u0441\u044f, \u0447\u0442\u043e\u0431\u044b \u043f\u0440\u0435\u0434\u043b\u043e\u0436\u0438\u0442\u044c \u0441\u043e\u0432\u0440\u0435\u043c\u0435\u043d\u043d\u044b\u0435 \u0438 \u0434\u043e\u0441\u0442\u0443\u043f\u043d\u044b\u0435 \u0434\u043e\u043c\u0430, \u0441\u043e\u043e\u0442\u0432\u0435\u0442\u0441\u0442\u0432\u0443\u044e\u0449\u0438\u0435 \u0440\u0430\u0437\u043d\u043e\u043e\u0431\u0440\u0430\u0437\u043d\u044b\u043c \u043f\u043e\u0442\u0440\u0435\u0431\u043d\u043e\u0441\u0442\u044f\u043c \u043d\u0430\u0448\u0438\u0445 \u043a\u043b\u0438\u0435\u043d\u0442\u043e\u0432. \u0421\u0432\u044f\u0436\u0438\u0442\u0435\u0441\u044c \u0441 \u043d\u0430\u043c\u0438, \u0447\u0442\u043e\u0431\u044b \u0443\u0437\u043d\u0430\u0442\u044c \u0431\u043e\u043b\u044c\u0448\u0435 \u043e \u043a\u0430\u0436\u0434\u043e\u043c \u0438\u0437 \u044d\u0442\u0438\u0445 \u0440\u0430\u0439\u043e\u043d\u043e\u0432 \u0438 \u043f\u043e\u0434\u0440\u043e\u0431\u043d\u0435\u0435 \u043e\u0437\u043d\u0430\u043a\u043e\u043c\u0438\u0442\u044c\u0441\u044f \u0441 \u043d\u0430\u0448\u0438\u043c\u0438 \u043f\u0440\u043e\u0435\u043a\u0442\u0430\u043c\u0438!<\/p>\t\t\t\t\t\t\t\t<\/div>\n\t\t\t\t<\/div>\n\t\t\t\t\t<\/div>\n\t\t<\/div>\n\t\t\t\t\t<\/div>\n\t\t<\/section>\n\t\t\t\t<section class=\"elementor-section elementor-top-section elementor-element elementor-element-ed23d80 elementor-section-boxed elementor-section-height-default elementor-section-height-default qodef-elementor-content-no\" data-id=\"ed23d80\" data-element_type=\"section\">\n\t\t\t\t\t\t<div class=\"elementor-container elementor-column-gap-no\">\n\t\t\t\t\t<div class=\"elementor-column elementor-col-100 elementor-top-column elementor-element elementor-element-d07209c\" data-id=\"d07209c\" data-element_type=\"column\">\n\t\t\t<div class=\"elementor-widget-wrap elementor-element-populated\">\n\t\t\t\t\t\t<div class=\"elementor-element elementor-element-93f18b5 elementor-widget elementor-widget-heading\" data-id=\"93f18b5\" data-element_type=\"widget\" data-widget_type=\"heading.default\">\n\t\t\t\t<div class=\"elementor-widget-container\">\n\t\t\t\t\t<h4 class=\"elementor-heading-title elementor-size-default\">\u041a\u0430\u043a \u0432\u044b\u0431\u0440\u0430\u0442\u044c \u043f\u043e\u0434\u0445\u043e\u0434\u044f\u0449\u0443\u044e \u043a\u0432\u0430\u0440\u0442\u0438\u0440\u0443?<\/h4>\t\t\t\t<\/div>\n\t\t\t\t<\/div>\n\t\t\t\t<div class=\"elementor-element elementor-element-236b0cc elementor-widget elementor-widget-text-editor\" data-id=\"236b0cc\" data-element_type=\"widget\" data-widget_type=\"text-editor.default\">\n\t\t\t\t<div class=\"elementor-widget-container\">\n\t\t\t\t\t\t\t\t\t<p>\u0412\u044b\u0431\u043e\u0440 \u043f\u043e\u0434\u0445\u043e\u0434\u044f\u0449\u0435\u0439 \u043a\u0432\u0430\u0440\u0442\u0438\u0440\u044b \u2014 \u044d\u0442\u043e \u043e\u0447\u0435\u043d\u044c \u043b\u0438\u0447\u043d\u043e\u0435 \u0440\u0435\u0448\u0435\u043d\u0438\u0435, \u043a\u043e\u0442\u043e\u0440\u043e\u0435 \u0437\u0430\u0432\u0438\u0441\u0438\u0442 \u043e\u0442 \u043c\u043d\u043e\u0436\u0435\u0441\u0442\u0432\u0430 \u0443\u043d\u0438\u043a\u0430\u043b\u044c\u043d\u044b\u0445 \u0444\u0430\u043a\u0442\u043e\u0440\u043e\u0432 \u0434\u043b\u044f \u043a\u0430\u0436\u0434\u043e\u0433\u043e \u0447\u0435\u043b\u043e\u0432\u0435\u043a\u0430. \u0411\u0443\u0434\u044c \u0442\u043e \u043c\u0435\u0441\u0442\u043e\u043f\u043e\u043b\u043e\u0436\u0435\u043d\u0438\u0435, \u0440\u0430\u0437\u043c\u0435\u0440, \u0443\u0434\u043e\u0431\u0441\u0442\u0432\u0430 \u0438\u043b\u0438 \u0431\u044e\u0434\u0436\u0435\u0442, \u043d\u0430\u0448\u0430 \u043a\u043e\u043c\u0430\u043d\u0434\u0430 \u043f\u043e \u043f\u0440\u043e\u0434\u0430\u0436\u0430\u043c \u0433\u043e\u0442\u043e\u0432\u0430 \u043f\u043e\u043c\u043e\u0447\u044c \u0432\u0430\u043c \u0432 \u044d\u0442\u043e\u043c \u043f\u0440\u043e\u0446\u0435\u0441\u0441\u0435. \u041f\u043e\u0441\u043b\u0435 \u043d\u0435\u0441\u043a\u043e\u043b\u044c\u043a\u0438\u0445 \u043f\u0440\u043e\u0441\u0442\u044b\u0445 \u0432\u043e\u043f\u0440\u043e\u0441\u043e\u0432 \u043c\u044b \u0441\u043c\u043e\u0436\u0435\u043c \u043b\u0443\u0447\u0448\u0435 \u043f\u043e\u043d\u044f\u0442\u044c \u0432\u0430\u0448\u0438 \u043f\u043e\u0442\u0440\u0435\u0431\u043d\u043e\u0441\u0442\u0438 \u0438 \u043f\u0440\u0435\u0434\u043f\u043e\u0447\u0442\u0435\u043d\u0438\u044f \u0438 \u043f\u0440\u0435\u0434\u043b\u043e\u0436\u0438\u043c \u043b\u0443\u0447\u0448\u0438\u0435 \u0434\u043e\u0441\u0442\u0443\u043f\u043d\u044b\u0435 \u0432\u0430\u0440\u0438\u0430\u043d\u0442\u044b. \u041d\u0435 \u0441\u0442\u0435\u0441\u043d\u044f\u0439\u0442\u0435\u0441\u044c \u0441\u0432\u044f\u0437\u0430\u0442\u044c\u0441\u044f \u0441 \u043d\u0430\u043c\u0438 \u0441\u0435\u0433\u043e\u0434\u043d\u044f, \u0447\u0442\u043e\u0431\u044b \u043d\u0430\u0439\u0442\u0438 \u0438\u0434\u0435\u0430\u043b\u044c\u043d\u0443\u044e \u043a\u0432\u0430\u0440\u0442\u0438\u0440\u0443 \u0434\u043b\u044f \u0432\u0430\u0441!<\/p>\t\t\t\t\t\t\t\t<\/div>\n\t\t\t\t<\/div>\n\t\t\t\t\t<\/div>\n\t\t<\/div>\n\t\t\t\t\t<\/div>\n\t\t<\/section>\n\t\t\t\t<section class=\"elementor-section elementor-top-section elementor-element elementor-element-e9c0854 elementor-section-boxed elementor-section-height-default elementor-section-height-default qodef-elementor-content-no\" data-id=\"e9c0854\" data-element_type=\"section\">\n\t\t\t\t\t\t<div class=\"elementor-container elementor-column-gap-no\">\n\t\t\t\t\t<div class=\"elementor-column elementor-col-100 elementor-top-column elementor-element elementor-element-23adc94\" data-id=\"23adc94\" data-element_type=\"column\">\n\t\t\t<div class=\"elementor-widget-wrap elementor-element-populated\">\n\t\t\t\t\t\t<div class=\"elementor-element elementor-element-43f7bf1 elementor-widget elementor-widget-heading\" data-id=\"43f7bf1\" data-element_type=\"widget\" data-widget_type=\"heading.default\">\n\t\t\t\t<div class=\"elementor-widget-container\">\n\t\t\t\t\t<h4 class=\"elementor-heading-title elementor-size-default\">\u0422\u0430\u0443\u043d\u0445\u0430\u0443\u0441 \u0438\u043b\u0438 \u043a\u0432\u0430\u0440\u0442\u0438\u0440\u0430 \u2014 \u0447\u0442\u043e \u043b\u0443\u0447\u0448\u0435 \u0434\u043b\u044f \u043c\u0435\u043d\u044f?<\/h4>\t\t\t\t<\/div>\n\t\t\t\t<\/div>\n\t\t\t\t<div class=\"elementor-element elementor-element-417a524 elementor-widget elementor-widget-text-editor\" data-id=\"417a524\" data-element_type=\"widget\" data-widget_type=\"text-editor.default\">\n\t\t\t\t<div class=\"elementor-widget-container\">\n\t\t\t\t\t\t\t\t\t<p>\u0412\u044b\u0431\u043e\u0440 \u043c\u0435\u0436\u0434\u0443 \u0442\u0430\u0443\u043d\u0445\u0430\u0443\u0441\u043e\u043c \u0438 \u043a\u0432\u0430\u0440\u0442\u0438\u0440\u043e\u0439 \u0437\u0430\u0432\u0438\u0441\u0438\u0442 \u043e\u0442 \u0432\u0430\u0448\u0438\u0445 \u043b\u0438\u0447\u043d\u044b\u0445 \u043f\u043e\u0442\u0440\u0435\u0431\u043d\u043e\u0441\u0442\u0435\u0439 \u0438 \u043e\u0431\u0440\u0430\u0437\u0430 \u0436\u0438\u0437\u043d\u0438. \u0422\u0430\u0443\u043d\u0445\u0430\u0443\u0441 \u043f\u0440\u0435\u0434\u043b\u0430\u0433\u0430\u0435\u0442 \u0431\u043e\u043b\u044c\u0448\u0435 \u043f\u0440\u043e\u0441\u0442\u0440\u0430\u043d\u0441\u0442\u0432\u0430 \u0438 \u0447\u0430\u0441\u0442\u043e \u0438\u043c\u0435\u0435\u0442 \u0441\u0430\u0434, \u0447\u0442\u043e \u0438\u0434\u0435\u0430\u043b\u044c\u043d\u043e \u043f\u043e\u0434\u0445\u043e\u0434\u0438\u0442 \u0434\u043b\u044f \u0441\u0435\u043c\u0435\u0439 \u0438 \u0442\u0435\u0445, \u043a\u0442\u043e \u043f\u0440\u0435\u0434\u043f\u043e\u0447\u0438\u0442\u0430\u0435\u0442 \u0443\u0435\u0434\u0438\u043d\u0435\u043d\u0438\u0435 \u0438 \u0431\u043e\u043b\u0435\u0435 \u0442\u0438\u0445\u0443\u044e \u0430\u0442\u043c\u043e\u0441\u0444\u0435\u0440\u0443. \u041e\u0434\u043d\u0430\u043a\u043e \u0440\u0430\u0441\u0445\u043e\u0434\u044b \u043d\u0430 \u043e\u0431\u0441\u043b\u0443\u0436\u0438\u0432\u0430\u043d\u0438\u0435 \u0438 \u043a\u043e\u043c\u043c\u0443\u043d\u0430\u043b\u044c\u043d\u044b\u0435 \u0443\u0441\u043b\u0443\u0433\u0438 \u0431\u0443\u0434\u0443\u0442 \u0432\u044b\u0448\u0435. \u0421 \u0434\u0440\u0443\u0433\u043e\u0439 \u0441\u0442\u043e\u0440\u043e\u043d\u044b, \u043a\u0432\u0430\u0440\u0442\u0438\u0440\u0430 \u0431\u043e\u043b\u0435\u0435 \u043a\u043e\u043c\u043f\u0430\u043a\u0442\u043d\u0430 \u0438 \u043b\u0435\u0433\u043a\u0430 \u0432 \u043e\u0431\u0441\u043b\u0443\u0436\u0438\u0432\u0430\u043d\u0438\u0438, \u0441 \u043c\u0435\u043d\u044c\u0448\u0438\u043c\u0438 \u0437\u0430\u0442\u0440\u0430\u0442\u0430\u043c\u0438. \u042d\u0442\u043e \u0438\u0434\u0435\u0430\u043b\u044c\u043d\u043e \u0434\u043b\u044f \u0442\u0435\u0445, \u043a\u0442\u043e \u0446\u0435\u043d\u0438\u0442 \u0434\u0438\u043d\u0430\u043c\u0438\u0447\u043d\u0443\u044e \u0433\u043e\u0440\u043e\u0434\u0441\u043a\u0443\u044e \u0436\u0438\u0437\u043d\u044c \u0438 \u0431\u044b\u0441\u0442\u0440\u044b\u0439 \u0434\u043e\u0441\u0442\u0443\u043f \u043a \u0440\u0430\u0437\u043b\u0438\u0447\u043d\u044b\u043c \u0443\u0434\u043e\u0431\u0441\u0442\u0432\u0430\u043c. \u0412\u044b\u0431\u0438\u0440\u0430\u0439\u0442\u0435 \u0432 \u0437\u0430\u0432\u0438\u0441\u0438\u043c\u043e\u0441\u0442\u0438 \u043e\u0442 \u0442\u043e\u0433\u043e, \u0447\u0442\u043e \u0432\u0430\u043c \u043f\u043e\u0434\u0445\u043e\u0434\u0438\u0442 \u043b\u0443\u0447\u0448\u0435 \u0432\u0441\u0435\u0433\u043e.<\/p>\t\t\t\t\t\t\t\t<\/div>\n\t\t\t\t<\/div>\n\t\t\t\t\t<\/div>\n\t\t<\/div>\n\t\t\t\t\t<\/div>\n\t\t<\/section>\n\t\t\t\t<\/div>","protected":false},"excerpt":{"rendered":"<p>Cum s\u0103 programezi o vizionare? \u00cen meniul de navigare de sus, g\u0103si\u021bi sec\u021biunea &#8222;Contacta\u021bi-ne&#8221;. Acolo, ve\u021bi g\u0103si op\u021biunea &#8222;Solicit\u0103 o vizionare&#8221;, unde pute\u021bi completa un formular sau g\u0103si informa\u021bii de contact pentru a programa o vizionare. Ce zone sau cartiere construi\u021bi? Construim \u00een diverse zone din Chi\u0219in\u0103u \u0219i \u00eemprejurimi. Proiectele noastre includ dezvolt\u0103ri \u00een Dumbrava, [&hellip;]<\/p>","protected":false},"author":1,"featured_media":0,"parent":0,"menu_order":0,"comment_status":"closed","ping_status":"closed","template":"","meta":{"_acf_changed":false,"_seopress_robots_primary_cat":"","_seopress_titles_title":"","_seopress_titles_desc":"","_seopress_robots_index":"","footnotes":""},"class_list":["post-1299","page","type-page","status-publish","hentry"],"acf":[],"_links":{"self":[{"href":"https:\/\/premiumconsgrup.md\/ru\/wp-json\/wp\/v2\/pages\/1299","targetHints":{"allow":["GET"]}}],"collection":[{"href":"https:\/\/premiumconsgrup.md\/ru\/wp-json\/wp\/v2\/pages"}],"about":[{"href":"https:\/\/premiumconsgrup.md\/ru\/wp-json\/wp\/v2\/types\/page"}],"author":[{"embeddable":true,"href":"https:\/\/premiumconsgrup.md\/ru\/wp-json\/wp\/v2\/users\/1"}],"replies":[{"embeddable":true,"href":"https:\/\/premiumconsgrup.md\/ru\/wp-json\/wp\/v2\/comments?post=1299"}],"version-history":[{"count":0,"href":"https:\/\/premiumconsgrup.md\/ru\/wp-json\/wp\/v2\/pages\/1299\/revisions"}],"wp:attachment":[{"href":"https:\/\/premiumconsgrup.md\/ru\/wp-json\/wp\/v2\/media?parent=1299"}],"curies":[{"name":"wp","href":"https:\/\/api.w.org\/{rel}","templated":true}]}}